{"id":91,"date":"2025-08-23T09:39:39","date_gmt":"2025-08-23T07:39:39","guid":{"rendered":"https:\/\/mattei.ovh\/?page_id=91"},"modified":"2026-01-15T13:26:17","modified_gmt":"2026-01-15T12:26:17","slug":"nos-actus","status":"publish","type":"page","link":"https:\/\/refugeverticalcafchalons.com\/index.php\/nos-actus\/","title":{"rendered":"Nos actus"},"content":{"rendered":"\n<h1 class=\"wp-block-heading\">Nos actualit\u00e9s<\/h1>\n\n\n\n<p>Retrouvez ici toutes les actualit\u00e9s relatives au Refuge Vertical et \u00e0 nos activit\u00e9s.<\/p>\n\n\n<ul class=\"wp-block-latest-posts__list wp-block-latest-posts\"><li><a class=\"wp-block-latest-posts__post-title\" href=\"https:\/\/refugeverticalcafchalons.com\/index.php\/2026\/03\/20\/week-end-vosgien\/\">Week-end Vosgien<\/a><div class=\"wp-block-latest-posts__post-excerpt\">Nous \u00e9tions 12 randonneurs \u00e0 profiter de la traditionnelle sortie qui cette ann\u00e9e s&rsquo;est de nouveau pass\u00e9e sur les cr\u00eates vosgiennes. L&rsquo;\u00e9quipe a bien profit\u00e9 de l&rsquo;accueil de qualit\u00e9 du Refuge Caf des Trois fours. La participation aux jeux ap\u00e9ritif a g\u00e9n\u00e9r\u00e9 de bonnes rigolades. Deux journ\u00e9es de randonn\u00e9es avec de belles \u00e9claircies une en\u2026 <a class=\"wp-block-latest-posts__read-more\" href=\"https:\/\/refugeverticalcafchalons.com\/index.php\/2026\/03\/20\/week-end-vosgien\/\" rel=\"noopener noreferrer\">Lire la suite<span class=\"screen-reader-text\">\u00a0: Week-end Vosgien<\/span><\/a><\/div><\/li>\n<li><a class=\"wp-block-latest-posts__post-title\" href=\"https:\/\/refugeverticalcafchalons.com\/index.php\/2026\/01\/15\/randonnee-de-la-nouvelle-annee\/\">Randonn\u00e9e de la nouvelle ann\u00e9e<\/a><div class=\"wp-block-latest-posts__post-excerpt\">Malgr\u00e8s le peu de participant, l&rsquo;ambiance fut bonne pour cette randonn\u00e9e de la nouvelle ann\u00e9e ainsi que pour la galette des rois partag\u00e9e au refuge vertical<\/div><\/li>\n<li><a class=\"wp-block-latest-posts__post-title\" href=\"https:\/\/refugeverticalcafchalons.com\/index.php\/2026\/01\/05\/sortie-sentier-du-cbr\/\">Sortie Sentier du CBR<\/a><div class=\"wp-block-latest-posts__post-excerpt\">Randonn\u00e9e de 18 km autour de Saint-Martin d&rsquo;Ablois \u00e0 la d\u00e9couverte du CBR (Compagnie de la Banlieue de Reims).Un beau circuit \u00e0 refaire pour la vue mais sans le brouillard.<\/div><\/li>\n<li><a class=\"wp-block-latest-posts__post-title\" href=\"https:\/\/refugeverticalcafchalons.com\/index.php\/2025\/12\/12\/sortie-calanques-de-marseille\/\">Sortie Calanques de Marseille<\/a><div class=\"wp-block-latest-posts__post-excerpt\">Nous \u00e9tions 5 grimpeurs \u00e0 partir pour Marseille le samedi 18 octobre&nbsp;2025 : Dirk en tant qu\u2019encadrant, Nathalie, David, Thierry et Teddy. Arriv\u00e9s \u00e0 notre location vers 15h, nous nous sommes install\u00e9s puis nous avons profit\u00e9 du reste de l\u2019apr\u00e8s-midi pour pr\u00e9parer nos sorties. Notre objectif sur la semaine \u00e9tait d\u2019acc\u00e9der \u00e0 l\u2019autonomie en grande\u2026 <a class=\"wp-block-latest-posts__read-more\" href=\"https:\/\/refugeverticalcafchalons.com\/index.php\/2025\/12\/12\/sortie-calanques-de-marseille\/\" rel=\"noopener noreferrer\">Lire la suite<span class=\"screen-reader-text\">\u00a0: Sortie Calanques de Marseille<\/span><\/a><\/div><\/li>\n<li><a class=\"wp-block-latest-posts__post-title\" href=\"https:\/\/refugeverticalcafchalons.com\/index.php\/2025\/12\/07\/stage-de-noel\/\">Horaires vacances de No\u00ebl<\/a><div class=\"wp-block-latest-posts__post-excerpt\"><\/div><\/li>\n<\/ul>","protected":false},"excerpt":{"rendered":"<p>Nos actualit\u00e9s Retrouvez ici toutes les actualit\u00e9s relatives au Refuge Vertical et \u00e0 nos activit\u00e9s.<\/p>\n","protected":false},"author":1,"featured_media":0,"parent":0,"menu_order":3,"comment_status":"closed","ping_status":"closed","template":"page-2columns-wide","meta":{"footnotes":""},"class_list":["post-91","page","type-page","status-publish","hentry"],"_links":{"self":[{"href":"https:\/\/refugeverticalcafchalons.com\/index.php\/wp-json\/wp\/v2\/pages\/91","targetHints":{"allow":["GET"]}}],"collection":[{"href":"https:\/\/refugeverticalcafchalons.com\/index.php\/wp-json\/wp\/v2\/pages"}],"about":[{"href":"https:\/\/refugeverticalcafchalons.com\/index.php\/wp-json\/wp\/v2\/types\/page"}],"author":[{"embeddable":true,"href":"https:\/\/refugeverticalcafchalons.com\/index.php\/wp-json\/wp\/v2\/users\/1"}],"replies":[{"embeddable":true,"href":"https:\/\/refugeverticalcafchalons.com\/index.php\/wp-json\/wp\/v2\/comments?post=91"}],"version-history":[{"count":3,"href":"https:\/\/refugeverticalcafchalons.com\/index.php\/wp-json\/wp\/v2\/pages\/91\/revisions"}],"predecessor-version":[{"id":426,"href":"https:\/\/refugeverticalcafchalons.com\/index.php\/wp-json\/wp\/v2\/pages\/91\/revisions\/426"}],"wp:attachment":[{"href":"https:\/\/refugeverticalcafchalons.com\/index.php\/wp-json\/wp\/v2\/media?parent=91"}],"curies":[{"name":"wp","href":"https:\/\/api.w.org\/{rel}","templated":true}]}}