{"id":66,"date":"2025-08-22T21:53:02","date_gmt":"2025-08-22T19:53:02","guid":{"rendered":"http:\/\/mattei.ovh\/?page_id=66"},"modified":"2026-03-30T14:20:26","modified_gmt":"2026-03-30T12:20:26","slug":"66-2","status":"publish","type":"page","link":"https:\/\/refugeverticalcafchalons.com\/index.php\/le-club\/66-2\/","title":{"rendered":"Nos partenaires"},"content":{"rendered":"\n<p>Voici les diff\u00e9rents partenaires qui nous aident financi\u00e8rement toute l&rsquo;ann\u00e9e<\/p>\n\n\n\n<h2 class=\"wp-block-heading\">Partenaires Maillot<\/h2>\n\n\n\n<div class=\"wp-block-columns is-layout-flex wp-container-core-columns-is-layout-28f84493 wp-block-columns-is-layout-flex\">\n<div class=\"wp-block-column is-vertically-aligned-center is-layout-flow wp-block-column-is-layout-flow\" style=\"flex-basis:66.66%\">\n<h3 class=\"wp-block-heading\">Cr\u00e9dit Mutuel<\/h3>\n<\/div>\n\n\n\n<div class=\"wp-block-column is-layout-flow wp-block-column-is-layout-flow\" style=\"flex-basis:33.33%\">\n<figure class=\"wp-block-image aligncenter size-full is-resized\"><a href=\"https:\/\/www.creditmutuel.fr\/fr\/particuliers.html\" target=\"_blank\" rel=\" noreferrer noopener\"><img loading=\"lazy\" decoding=\"async\" width=\"300\" height=\"168\" src=\"https:\/\/refugeverticalcafchalons.com\/wp-content\/uploads\/2026\/03\/CREDIT-MUTUEL.png\" alt=\"\" class=\"wp-image-491\" style=\"width:auto;height:150px\"\/><\/a><\/figure>\n<\/div>\n<\/div>\n\n\n\n<p><strong>Le Cr\u00e9dit Mutuel donne le LA&nbsp;!<\/strong><br>Une banque qui appartient \u00e0 ses clients, \u00e7a change tout&nbsp;!<br>C&rsquo;est gr\u00e2ce \u00e0 votre confiance et notre engagement mutuel, que nous \u0153uvrons chaque jour pour une banque diff\u00e9rente, solidaire et proche de vous.<\/p>\n\n\n\n<p class=\"has-vivid-red-color has-text-color has-link-color wp-elements-1653e4f7dc1b47796874aa41be479997\"><strong>Plus que jamais, nous sommes convaincus que l&rsquo;avenir se construira ensemble.<\/strong><\/p>\n\n\n\n<div style=\"height:20px\" aria-hidden=\"true\" class=\"wp-block-spacer\"><\/div>\n\n\n\n<div class=\"wp-block-columns is-layout-flex wp-container-core-columns-is-layout-28f84493 wp-block-columns-is-layout-flex\">\n<div class=\"wp-block-column is-vertically-aligned-center is-layout-flow wp-block-column-is-layout-flow\" style=\"flex-basis:66.66%\">\n<h3 class=\"wp-block-heading\">Diag House<\/h3>\n<\/div>\n\n\n\n<div class=\"wp-block-column is-layout-flow wp-block-column-is-layout-flow\" style=\"flex-basis:33.33%\">\n<figure class=\"wp-block-image aligncenter is-resized\"><a href=\"https:\/\/www.diaghouse.fr\/\" target=\"_blank\" rel=\" noreferrer noopener\"><img loading=\"lazy\" decoding=\"async\" width=\"230\" height=\"219\" src=\"https:\/\/refugeverticalcafchalons.com\/wp-content\/uploads\/2026\/03\/DIAG-HOUSE.png\" alt=\"\" class=\"wp-image-492\" style=\"width:auto;height:150px\"\/><\/a><\/figure>\n<\/div>\n<\/div>\n\n\n\n<p><strong>Diag House<\/strong>&nbsp;&nbsp;: cette entreprise, membre de la F\u00e9d\u00e9ration professionnelle CINOV FIDI, gage de rigueur et de qualit\u00e9, est sp\u00e9cialis\u00e9e en diagnostic immobilier, vente et location, diagnostic de performances \u00e9nerg\u00e9tiques, diagnostic \u00e9lectricit\u00e9, gaz, amiante, constat de risque d&rsquo;exposition au plomb, certificat de surface loi Carrez et Loi Boutin, ERP (Etat des Risques et Pollution des sols) et vous propose ses services.<\/p>\n\n\n\n<p class=\"has-mrclimb-text-color has-text-color has-link-color wp-elements-3b1b4b2a420701c66c537ca56161681e\"><em>Votre contact :&nbsp;<strong>Ga\u00ebtan EPIS&nbsp;<\/strong>(t\u00e9l :&nbsp;06.82.47.48.89)<\/em><\/p>\n\n\n\n<div style=\"height:20px\" aria-hidden=\"true\" class=\"wp-block-spacer\"><\/div>\n\n\n\n<div class=\"wp-block-columns is-layout-flex wp-container-core-columns-is-layout-28f84493 wp-block-columns-is-layout-flex\">\n<div class=\"wp-block-column is-vertically-aligned-center is-layout-flow wp-block-column-is-layout-flow\" style=\"flex-basis:66.66%\">\n<h3 class=\"wp-block-heading\">Laforet<\/h3>\n<\/div>\n\n\n\n<div class=\"wp-block-column is-layout-flow wp-block-column-is-layout-flow\" style=\"flex-basis:33.33%\">\n<figure class=\"wp-block-image aligncenter size-full is-resized\"><a href=\"https:\/\/www.laforet.com\/agence-immobiliere\/chalonschamp\" target=\"_blank\" rel=\" noreferrer noopener\"><img loading=\"lazy\" decoding=\"async\" width=\"225\" height=\"225\" src=\"https:\/\/refugeverticalcafchalons.com\/wp-content\/uploads\/2026\/03\/LAFORET.png\" alt=\"\" class=\"wp-image-494\" style=\"width:auto;height:150px\" srcset=\"https:\/\/refugeverticalcafchalons.com\/wp-content\/uploads\/2026\/03\/LAFORET.png 225w, https:\/\/refugeverticalcafchalons.com\/wp-content\/uploads\/2026\/03\/LAFORET-150x150.png 150w\" sizes=\"auto, (max-width: 225px) 100vw, 225px\" \/><\/a><\/figure>\n<\/div>\n<\/div>\n\n\n\n<p>Vente, achat, location, gestion locative, syndic de copropri\u00e9t\u00e9, courtage en cr\u00e9dit \u2026 une \u00e9quipe est l\u00e0 pour vous aider. Contactez-nous pour b\u00e9n\u00e9ficier d&rsquo;une expertise locale alli\u00e9e \u00e0 la force du r\u00e9seau <strong>Lafor\u00eat Immobilier<\/strong>.<\/p>\n\n\n\n<div style=\"height:20px\" aria-hidden=\"true\" class=\"wp-block-spacer\"><\/div>\n\n\n\n<div class=\"wp-block-columns is-layout-flex wp-container-core-columns-is-layout-28f84493 wp-block-columns-is-layout-flex\">\n<div class=\"wp-block-column is-vertically-aligned-center is-layout-flow wp-block-column-is-layout-flow\" style=\"flex-basis:66.66%\">\n<h3 class=\"wp-block-heading\">La Fraise de Mairy<\/h3>\n<\/div>\n\n\n\n<div class=\"wp-block-column is-layout-flow wp-block-column-is-layout-flow\" style=\"flex-basis:33.33%\">\n<figure class=\"wp-block-image aligncenter size-full is-resized\"><a href=\"https:\/\/www.facebook.com\/lafraisedemairy\/?locale=fr_FR\" target=\"_blank\" rel=\" noreferrer noopener\"><img loading=\"lazy\" decoding=\"async\" width=\"960\" height=\"513\" src=\"https:\/\/refugeverticalcafchalons.com\/wp-content\/uploads\/2026\/03\/LA-FRAISE-DE-MAIRIE.jpg\" alt=\"\" class=\"wp-image-493\" style=\"width:auto;height:150px\" srcset=\"https:\/\/refugeverticalcafchalons.com\/wp-content\/uploads\/2026\/03\/LA-FRAISE-DE-MAIRIE.jpg 960w, https:\/\/refugeverticalcafchalons.com\/wp-content\/uploads\/2026\/03\/LA-FRAISE-DE-MAIRIE-300x160.jpg 300w, https:\/\/refugeverticalcafchalons.com\/wp-content\/uploads\/2026\/03\/LA-FRAISE-DE-MAIRIE-768x410.jpg 768w\" sizes=\"auto, (max-width: 960px) 100vw, 960px\" \/><\/a><\/figure>\n<\/div>\n<\/div>\n\n\n\n<p><strong>La Fraise de Mairy<\/strong>&nbsp;&nbsp;: Agriculteurs depuis 4 g\u00e9n\u00e9rations, nous avons d\u00e9marr\u00e9 la production et la vente de fraises en 2004. Depuis, nous avons cr\u00e9\u00e9 un magasin (\u00e0 la ferme) o\u00f9 nous vous proposons les produits de la ferme (fraises et fruits rouges, rhubarbe, confitures, pommes de terre, ail, oignons, \u00e9chalotes) ainsi que de nombreux produits r\u00e9gionaux ou direct producteur. Vous pouvez retrouver de la bi\u00e8re artisanale, de nombreuses terrines (\u00e0 base de porc, de volailles ou de truites &#8230;), des escargots, de l&rsquo;huile, de la farine, des sabl\u00e9s, des lentillons de la Champagne, des l\u00e9gumes de saison, pommes et poires, du miel&#8230;&nbsp;<\/p>\n\n\n\n<div style=\"height:20px\" aria-hidden=\"true\" class=\"wp-block-spacer\"><\/div>\n\n\n\n<div class=\"wp-block-columns is-layout-flex wp-container-core-columns-is-layout-28f84493 wp-block-columns-is-layout-flex\">\n<div class=\"wp-block-column is-vertically-aligned-center is-layout-flow wp-block-column-is-layout-flow\" style=\"flex-basis:66.66%\">\n<h3 class=\"wp-block-heading\">Optic 2000<\/h3>\n<\/div>\n\n\n\n<div class=\"wp-block-column is-layout-flow wp-block-column-is-layout-flow\" style=\"flex-basis:33.33%\">\n<figure class=\"wp-block-image aligncenter size-full is-resized\"><a href=\"https:\/\/opticien.optic2000.com\/grand-est\/marne\/saint-memmie\/opticien-saint-memmie-optic-2000-avenue-marc-hamet-390?__xhr=1&amp;_gl=1*1ptex7w*_up*MQ..*_ga*MTc2NDIzOTAxMC4xNzc0Nzc0ODUz*_ga_8M1RMCNF5Z*czE3NzQ3NzQ4NTMkbzEkZzAkdDE3NzQ3NzQ4NTgkajU1JGwwJGgw\" target=\"_blank\" rel=\" noreferrer noopener\"><img loading=\"lazy\" decoding=\"async\" width=\"1772\" height=\"1775\" src=\"https:\/\/refugeverticalcafchalons.com\/wp-content\/uploads\/2026\/03\/Optic2000_Jacopin.jpg\" alt=\"\" class=\"wp-image-496\" style=\"width:auto;height:150px\" srcset=\"https:\/\/refugeverticalcafchalons.com\/wp-content\/uploads\/2026\/03\/Optic2000_Jacopin.jpg 1772w, https:\/\/refugeverticalcafchalons.com\/wp-content\/uploads\/2026\/03\/Optic2000_Jacopin-300x300.jpg 300w, https:\/\/refugeverticalcafchalons.com\/wp-content\/uploads\/2026\/03\/Optic2000_Jacopin-1022x1024.jpg 1022w, https:\/\/refugeverticalcafchalons.com\/wp-content\/uploads\/2026\/03\/Optic2000_Jacopin-150x150.jpg 150w, https:\/\/refugeverticalcafchalons.com\/wp-content\/uploads\/2026\/03\/Optic2000_Jacopin-768x769.jpg 768w, https:\/\/refugeverticalcafchalons.com\/wp-content\/uploads\/2026\/03\/Optic2000_Jacopin-1533x1536.jpg 1533w\" sizes=\"auto, (max-width: 1772px) 100vw, 1772px\" \/><\/a><\/figure>\n<\/div>\n<\/div>\n\n\n\n<p><strong>Optic 2000<\/strong>&nbsp;<strong>&nbsp;:<\/strong>&nbsp;Vous aimez le sport ? Bonne nouvelle, chez Optic 2000 JACOPIN, les \u00e9quipements de sport s&rsquo;adaptent aussi \u00e0 votre vue ! En plus d&rsquo;am\u00e9liorer vos performances, ces \u00e9quipements prot\u00e8gent vos yeux et limitent les g\u00eanes ressenties pendant le sport (vent, soleil, poussi\u00e8re&#8230;).<br>Pour davantage de confort, protection et de performance, profitez du partenariat dans nos magasins Optic2000&nbsp;:<\/p>\n\n\n\n<ul class=\"wp-block-list\">\n<li>Parc Commercial de Voitrelle \u00e0 Saint-Memmie :&nbsp;<a href=\"mailto:saintmemmie@optic2000.com\">saintmemmie@optic2000.com<\/a><\/li>\n\n\n\n<li>Centre-ville, 6 rue des Lombards \u00e0 Ch\u00e2lons :&nbsp;<a href=\"mailto:chalonsenchampagne@optic2000.com\">chalonsenchampagne@optic2000.com<\/a><\/li>\n<\/ul>\n\n\n\n<div style=\"height:20px\" aria-hidden=\"true\" class=\"wp-block-spacer\"><\/div>\n\n\n\n<div class=\"wp-block-columns is-layout-flex wp-container-core-columns-is-layout-28f84493 wp-block-columns-is-layout-flex\">\n<div class=\"wp-block-column is-vertically-aligned-center is-layout-flow wp-block-column-is-layout-flow\" style=\"flex-basis:66.66%\">\n<h3 class=\"wp-block-heading\">Sodeba Ginko<\/h3>\n<\/div>\n\n\n\n<div class=\"wp-block-column is-layout-flow wp-block-column-is-layout-flow\" style=\"flex-basis:33.33%\">\n<figure class=\"wp-block-image aligncenter size-full is-resized\"><a href=\"https:\/\/www.sodeba-ginko.com\/\" target=\"_blank\" rel=\" noreferrer noopener\"><img loading=\"lazy\" decoding=\"async\" width=\"204\" height=\"192\" src=\"https:\/\/refugeverticalcafchalons.com\/wp-content\/uploads\/2026\/03\/SODEBA.png\" alt=\"\" class=\"wp-image-497\" style=\"width:auto;height:150px\"\/><\/a><\/figure>\n<\/div>\n<\/div>\n\n\n\n<p><strong>Sodeba Ginko<\/strong>&nbsp;est une entreprise sp\u00e9cialis\u00e9e en ing\u00e9nierie &amp; conseil \u00ab\u00a0Tous Corps d&rsquo;\u00c9tat\u00a0\u00bb compos\u00e9e de 4 d\u00e9partements techniques : Diagnostic &amp; conseil&nbsp;; Conception ; Etudes d&rsquo;ex\u00e9cution&nbsp;; Ma\u00eetrise d&rsquo;\u0152uvre.<br>Des \u00e9quipes d&rsquo;experts au service de vos projets neufs ou r\u00e9habilit\u00e9s&nbsp;: Logements (priv\u00e9s, sociaux), R\u00e9sidences de services, EHPAD, H\u00f4tellerie &amp; r\u00e9sidences de tourisme, R\u00e9habilitation en site occup\u00e9 Immobilier d&rsquo;entreprise, Equipements publics, Centres commerciaux, Logistique entreprises<\/p>\n\n\n\n<div style=\"height:20px\" aria-hidden=\"true\" class=\"wp-block-spacer\"><\/div>\n\n\n\n<h2 class=\"wp-block-heading\">Autres partenaires<\/h2>\n\n\n\n<div class=\"wp-block-columns is-layout-flex wp-container-core-columns-is-layout-28f84493 wp-block-columns-is-layout-flex\">\n<div class=\"wp-block-column is-vertically-aligned-center is-layout-flow wp-block-column-is-layout-flow\" style=\"flex-basis:66.66%\">\n<h3 class=\"wp-block-heading\">Ocun<\/h3>\n<\/div>\n\n\n\n<div class=\"wp-block-column is-layout-flow wp-block-column-is-layout-flow\" style=\"flex-basis:33.33%\">\n<figure class=\"wp-block-image aligncenter size-full is-resized\"><a href=\"https:\/\/www.ocun.com\/\" target=\"_blank\" rel=\" noreferrer noopener\"><img loading=\"lazy\" decoding=\"async\" width=\"200\" height=\"150\" src=\"https:\/\/refugeverticalcafchalons.com\/wp-content\/uploads\/2026\/03\/OCUN.png\" alt=\"\" class=\"wp-image-495\" style=\"width:auto;height:150px\"\/><\/a><\/figure>\n<\/div>\n<\/div>\n\n\n\n<p>Notre partenariat avec la marque Tch\u00e8que&nbsp;<strong>OCUN<\/strong>, aupr\u00e8s de laquelle nous effectuons des commandes group\u00e9es de chaussons et mat\u00e9riel d&rsquo;escalade, vous permet de b\u00e9n\u00e9ficier de produits de qualit\u00e9 \u00e0 des tarifs tout \u00e0 fait attractifs. Pour toute pr\u00e9cision ou commande, n&rsquo;h\u00e9sitez pas \u00e0 venir \u00e0 la salle du Refuge Vertical<\/p>\n\n\n\n<div style=\"height:20px\" aria-hidden=\"true\" class=\"wp-block-spacer\"><\/div>\n\n\n\n<div class=\"wp-block-columns is-layout-flex wp-container-core-columns-is-layout-28f84493 wp-block-columns-is-layout-flex\">\n<div class=\"wp-block-column is-vertically-aligned-center is-layout-flow wp-block-column-is-layout-flow\" style=\"flex-basis:66.66%\">\n<h3 class=\"wp-block-heading\">Sport&amp;Co \/ NSHM<\/h3>\n<\/div>\n\n\n\n<div class=\"wp-block-column is-layout-flow wp-block-column-is-layout-flow\" style=\"flex-basis:33.33%\">\n<figure class=\"wp-block-image aligncenter size-full is-resized\"><a href=\"https:\/\/www.nshm-design.net\/\" target=\"_blank\" rel=\" noreferrer noopener\"><img loading=\"lazy\" decoding=\"async\" width=\"225\" height=\"225\" src=\"https:\/\/refugeverticalcafchalons.com\/wp-content\/uploads\/2026\/03\/sport-and-com.png\" alt=\"\" class=\"wp-image-498\" style=\"width:auto;height:150px\" srcset=\"https:\/\/refugeverticalcafchalons.com\/wp-content\/uploads\/2026\/03\/sport-and-com.png 225w, https:\/\/refugeverticalcafchalons.com\/wp-content\/uploads\/2026\/03\/sport-and-com-150x150.png 150w\" sizes=\"auto, (max-width: 225px) 100vw, 225px\" \/><\/a><\/figure>\n<\/div>\n<\/div>\n\n\n\n<p><strong>SPORT &amp; COM<\/strong> est une boutique au service des&nbsp;particuliers, clubs de sports, associations sportives, \u00e9coles, collectivit\u00e9s&nbsp;et&nbsp;militaires&nbsp;\u00e0 Saint-Memmie, pr\u00e8s de Ch\u00e2lons en Champagne (51).<\/p>\n\n\n\n<p>Equipez vous aux couleurs de votre Club Alpin Fran\u00e7ais&nbsp;Ch\u00e2lons en Champagne gr\u00e2ce \u00e0 notre partenaire Sport &amp; COM.Pour toute commande, contactez directement au 03.51.15.19.20 ou rendez-vous au 1 rue Cl\u00e9ment Ader \u00e0 Saint Memmie.<\/p>\n\n\n\n<p>Gr\u00e2ce \u00e0 votre licence du club, vous pourrez b\u00e9n\u00e9ficier de 10% de r\u00e9duction sur l&rsquo;ensemble du magasin et m\u00eame 15% sur l&rsquo;\u00e9quipement d&rsquo;escalade et montagne.<\/p>\n\n\n\n<p>De plus, pour tout achat dans la boutique, un pourcentage est revers\u00e9 au club.<\/p>\n","protected":false},"excerpt":{"rendered":"<p>Voici les diff\u00e9rents partenaires qui nous aident financi\u00e8rement toute l&rsquo;ann\u00e9e Partenaires Maillot Cr\u00e9dit Mutuel Le Cr\u00e9dit Mutuel donne le LA&nbsp;!Une banque qui appartient \u00e0 ses clients, \u00e7a change tout&nbsp;!C&rsquo;est gr\u00e2ce \u00e0 votre confiance et notre engagement mutuel, que nous \u0153uvrons chaque jour pour une banque diff\u00e9rente, solidaire et proche de vous. Plus que jamais, nous [&hellip;]<\/p>\n","protected":false},"author":1,"featured_media":0,"parent":249,"menu_order":60,"comment_status":"closed","ping_status":"closed","template":"","meta":{"footnotes":""},"class_list":["post-66","page","type-page","status-publish","hentry"],"_links":{"self":[{"href":"https:\/\/refugeverticalcafchalons.com\/index.php\/wp-json\/wp\/v2\/pages\/66","targetHints":{"allow":["GET"]}}],"collection":[{"href":"https:\/\/refugeverticalcafchalons.com\/index.php\/wp-json\/wp\/v2\/pages"}],"about":[{"href":"https:\/\/refugeverticalcafchalons.com\/index.php\/wp-json\/wp\/v2\/types\/page"}],"author":[{"embeddable":true,"href":"https:\/\/refugeverticalcafchalons.com\/index.php\/wp-json\/wp\/v2\/users\/1"}],"replies":[{"embeddable":true,"href":"https:\/\/refugeverticalcafchalons.com\/index.php\/wp-json\/wp\/v2\/comments?post=66"}],"version-history":[{"count":11,"href":"https:\/\/refugeverticalcafchalons.com\/index.php\/wp-json\/wp\/v2\/pages\/66\/revisions"}],"predecessor-version":[{"id":501,"href":"https:\/\/refugeverticalcafchalons.com\/index.php\/wp-json\/wp\/v2\/pages\/66\/revisions\/501"}],"up":[{"embeddable":true,"href":"https:\/\/refugeverticalcafchalons.com\/index.php\/wp-json\/wp\/v2\/pages\/249"}],"wp:attachment":[{"href":"https:\/\/refugeverticalcafchalons.com\/index.php\/wp-json\/wp\/v2\/media?parent=66"}],"curies":[{"name":"wp","href":"https:\/\/api.w.org\/{rel}","templated":true}]}}