{"id":55,"date":"2025-08-22T21:12:33","date_gmt":"2025-08-22T19:12:33","guid":{"rendered":"http:\/\/mattei.ovh\/?page_id=55"},"modified":"2025-09-22T08:58:12","modified_gmt":"2025-09-22T06:58:12","slug":"horaires","status":"publish","type":"page","link":"https:\/\/refugeverticalcafchalons.com\/index.php\/la-salle\/infos-pratiques\/horaires\/","title":{"rendered":"Horaires"},"content":{"rendered":"\n<h1 class=\"wp-block-heading\">Les horaires d&rsquo;ouverture<\/h1>\n\n\n\n<figure class=\"wp-block-table\"><table class=\"has-fixed-layout\"><tbody><tr><td><strong>Lundi<\/strong><\/td><td class=\"has-text-align-center\" data-align=\"center\">de 12h \u00e0 22h<\/td><\/tr><tr><td><strong>Mardi<\/strong><\/td><td class=\"has-text-align-center\" data-align=\"center\">de 12h \u00e0 22h<\/td><\/tr><tr><td><strong>Mercredi<\/strong><\/td><td class=\"has-text-align-center\" data-align=\"center\">de 12h \u00e0 22h<\/td><\/tr><tr><td><strong>Jeudi<\/strong><\/td><td class=\"has-text-align-center\" data-align=\"center\">de 12h \u00e0 22h<\/td><\/tr><tr><td><strong>Vendredi<\/strong><\/td><td class=\"has-text-align-center\" data-align=\"center\">de 12h \u00e0 22h<\/td><\/tr><tr><td><strong>Samedi<\/strong><\/td><td class=\"has-text-align-center\" data-align=\"center\">de 10h \u00e0 18h45<\/td><\/tr><tr><td><strong>Dimanche<\/strong><\/td><td class=\"has-text-align-center\" data-align=\"center\">de 13h30 \u00e0 18h45<\/td><\/tr><\/tbody><\/table><\/figure>\n\n\n\n<div style=\"height:18px\" aria-hidden=\"true\" class=\"wp-block-spacer\"><\/div>\n\n\n\n<h2 class=\"wp-block-heading\">Formule Anniversaire ! <mark style=\"background-color:rgba(0, 0, 0, 0)\" class=\"has-inline-color has-mrclimb-decoration-color\">*<\/mark><\/h2>\n\n\n\n<p> Venez f\u00eater votre anniversaire entre amis en participant \u00e0 une initiation \u00e0 l&rsquo;escalade. 2 cr\u00e9neaux possibles<\/p>\n\n\n\n<ul class=\"wp-block-list\">\n<li>Samedi de 13h30 \u00e0 15h<\/li>\n\n\n\n<li>Samedi de 15h30 \u00e0 17h<\/li>\n<\/ul>\n\n\n\n<h2 class=\"wp-block-heading\">R\u00e9servation d&rsquo;un cr\u00e9neau en semaine <mark style=\"background-color:rgba(0, 0, 0, 0)\" class=\"has-inline-color has-mrclimb-decoration-color\">*<\/mark><\/h2>\n\n\n\n<p>Scolaires, accueil de loisir, associations, instituts sp\u00e9cialis\u00e9s, entreprises&#8230; Venez partager notre passion en r\u00e9servant un cr\u00e9neau<\/p>\n\n\n\n<p><mark style=\"background-color:rgba(0, 0, 0, 0)\" class=\"has-inline-color has-mrclimb-decoration-color\">* : contactez nous par mail pour plus d&rsquo;informations : <a href=\"mailto:refugeverticalcafchalons@gmail.com\">refugeverticalcafchalons@gmail.com<\/a><\/mark><\/p>\n","protected":false},"excerpt":{"rendered":"<p>Les horaires d&rsquo;ouverture Lundi de 12h \u00e0 22h Mardi de 12h \u00e0 22h Mercredi de 12h \u00e0 22h Jeudi de 12h \u00e0 22h Vendredi de 12h \u00e0 22h Samedi de 10h \u00e0 18h45 Dimanche de 13h30 \u00e0 18h45 Formule Anniversaire ! * Venez f\u00eater votre anniversaire entre amis en participant \u00e0 une initiation \u00e0 l&rsquo;escalade. [&hellip;]<\/p>\n","protected":false},"author":1,"featured_media":0,"parent":108,"menu_order":10,"comment_status":"closed","ping_status":"closed","template":"","meta":{"footnotes":""},"class_list":["post-55","page","type-page","status-publish","hentry"],"_links":{"self":[{"href":"https:\/\/refugeverticalcafchalons.com\/index.php\/wp-json\/wp\/v2\/pages\/55","targetHints":{"allow":["GET"]}}],"collection":[{"href":"https:\/\/refugeverticalcafchalons.com\/index.php\/wp-json\/wp\/v2\/pages"}],"about":[{"href":"https:\/\/refugeverticalcafchalons.com\/index.php\/wp-json\/wp\/v2\/types\/page"}],"author":[{"embeddable":true,"href":"https:\/\/refugeverticalcafchalons.com\/index.php\/wp-json\/wp\/v2\/users\/1"}],"replies":[{"embeddable":true,"href":"https:\/\/refugeverticalcafchalons.com\/index.php\/wp-json\/wp\/v2\/comments?post=55"}],"version-history":[{"count":1,"href":"https:\/\/refugeverticalcafchalons.com\/index.php\/wp-json\/wp\/v2\/pages\/55\/revisions"}],"predecessor-version":[{"id":145,"href":"https:\/\/refugeverticalcafchalons.com\/index.php\/wp-json\/wp\/v2\/pages\/55\/revisions\/145"}],"up":[{"embeddable":true,"href":"https:\/\/refugeverticalcafchalons.com\/index.php\/wp-json\/wp\/v2\/pages\/108"}],"wp:attachment":[{"href":"https:\/\/refugeverticalcafchalons.com\/index.php\/wp-json\/wp\/v2\/media?parent=55"}],"curies":[{"name":"wp","href":"https:\/\/api.w.org\/{rel}","templated":true}]}}