{"id":522,"date":"2026-03-30T14:30:49","date_gmt":"2026-03-30T12:30:49","guid":{"rendered":"https:\/\/refugeverticalcafchalons.com\/?page_id=522"},"modified":"2026-03-30T14:30:49","modified_gmt":"2026-03-30T12:30:49","slug":"documents-officiels","status":"publish","type":"page","link":"https:\/\/refugeverticalcafchalons.com\/index.php\/le-club\/documents-officiels\/","title":{"rendered":"Documents officiels"},"content":{"rendered":"\n<p>Vous trouverez ci-dessous les documents officiels qui r\u00e9gissent la vie du club<\/p>\n\n\n\n<h4 class=\"wp-block-heading\">Statuts du club, approuv\u00e9 le 18\/12\/2025<\/h4>\n\n\n\n<div data-wp-interactive=\"core\/file\" class=\"wp-block-file\"><object data-wp-bind--hidden=\"!state.hasPdfPreview\" hidden class=\"wp-block-file__embed\" data=\"https:\/\/refugeverticalcafchalons.com\/wp-content\/uploads\/2026\/03\/Statuts-CAF-votes-le-18.12.2025.pdf\" type=\"application\/pdf\" style=\"width:100%;height:600px\" aria-label=\"Contenu embarqu\u00e9 Statuts CAF vot\u00e9s le 18.12.2025.\"><\/object><a id=\"wp-block-file--media-075b8000-8921-471c-b1f5-f05d090ee671\" href=\"https:\/\/refugeverticalcafchalons.com\/wp-content\/uploads\/2026\/03\/Statuts-CAF-votes-le-18.12.2025.pdf\">Statuts CAF vot\u00e9s le 18.12.2025<\/a><a href=\"https:\/\/refugeverticalcafchalons.com\/wp-content\/uploads\/2026\/03\/Statuts-CAF-votes-le-18.12.2025.pdf\" class=\"wp-block-file__button wp-element-button\" download aria-describedby=\"wp-block-file--media-075b8000-8921-471c-b1f5-f05d090ee671\">T\u00e9l\u00e9charger<\/a><\/div>\n\n\n\n<h4 class=\"wp-block-heading\">R\u00e9glement du club approuv\u00e9 le 22\/11\/2025<\/h4>\n\n\n\n<div data-wp-interactive=\"core\/file\" class=\"wp-block-file\"><object data-wp-bind--hidden=\"!state.hasPdfPreview\" hidden class=\"wp-block-file__embed\" data=\"https:\/\/refugeverticalcafchalons.com\/wp-content\/uploads\/2026\/03\/Reglement-Interieur-CAF-ratifie-en-nov.2025.pdf\" type=\"application\/pdf\" style=\"width:100%;height:600px\" aria-label=\"Contenu embarqu\u00e9 R\u00e8glement Int\u00e9rieur CAF ratifi\u00e9 en nov.2025.\"><\/object><a id=\"wp-block-file--media-186746ba-8e1e-44fc-b0a7-9a728cb88f5f\" href=\"https:\/\/refugeverticalcafchalons.com\/wp-content\/uploads\/2026\/03\/Reglement-Interieur-CAF-ratifie-en-nov.2025.pdf\">R\u00e8glement Int\u00e9rieur CAF ratifi\u00e9 en nov.2025<\/a><a href=\"https:\/\/refugeverticalcafchalons.com\/wp-content\/uploads\/2026\/03\/Reglement-Interieur-CAF-ratifie-en-nov.2025.pdf\" class=\"wp-block-file__button wp-element-button\" download aria-describedby=\"wp-block-file--media-186746ba-8e1e-44fc-b0a7-9a728cb88f5f\">T\u00e9l\u00e9charger<\/a><\/div>\n","protected":false},"excerpt":{"rendered":"<p>Vous trouverez ci-dessous les documents officiels qui r\u00e9gissent la vie du club Statuts du club, approuv\u00e9 le 18\/12\/2025 R\u00e9glement du club approuv\u00e9 le 22\/11\/2025<\/p>\n","protected":false},"author":3,"featured_media":0,"parent":249,"menu_order":70,"comment_status":"closed","ping_status":"closed","template":"","meta":{"footnotes":""},"class_list":["post-522","page","type-page","status-publish","hentry"],"_links":{"self":[{"href":"https:\/\/refugeverticalcafchalons.com\/index.php\/wp-json\/wp\/v2\/pages\/522","targetHints":{"allow":["GET"]}}],"collection":[{"href":"https:\/\/refugeverticalcafchalons.com\/index.php\/wp-json\/wp\/v2\/pages"}],"about":[{"href":"https:\/\/refugeverticalcafchalons.com\/index.php\/wp-json\/wp\/v2\/types\/page"}],"author":[{"embeddable":true,"href":"https:\/\/refugeverticalcafchalons.com\/index.php\/wp-json\/wp\/v2\/users\/3"}],"replies":[{"embeddable":true,"href":"https:\/\/refugeverticalcafchalons.com\/index.php\/wp-json\/wp\/v2\/comments?post=522"}],"version-history":[{"count":1,"href":"https:\/\/refugeverticalcafchalons.com\/index.php\/wp-json\/wp\/v2\/pages\/522\/revisions"}],"predecessor-version":[{"id":525,"href":"https:\/\/refugeverticalcafchalons.com\/index.php\/wp-json\/wp\/v2\/pages\/522\/revisions\/525"}],"up":[{"embeddable":true,"href":"https:\/\/refugeverticalcafchalons.com\/index.php\/wp-json\/wp\/v2\/pages\/249"}],"wp:attachment":[{"href":"https:\/\/refugeverticalcafchalons.com\/index.php\/wp-json\/wp\/v2\/media?parent=522"}],"curies":[{"name":"wp","href":"https:\/\/api.w.org\/{rel}","templated":true}]}}