{"id":517,"date":"2026-03-30T14:22:36","date_gmt":"2026-03-30T12:22:36","guid":{"rendered":"https:\/\/refugeverticalcafchalons.com\/?page_id=517"},"modified":"2026-03-30T14:25:23","modified_gmt":"2026-03-30T12:25:23","slug":"prets-de-materiel","status":"publish","type":"page","link":"https:\/\/refugeverticalcafchalons.com\/index.php\/le-club\/prets-de-materiel\/","title":{"rendered":"Pr\u00eats de mat\u00e9riel"},"content":{"rendered":"\n<h1 class=\"wp-block-heading has-text-align-center\">Pr\u00eats de mat\u00e9riel<\/h1>\n\n\n\n<p>En tant qu&rsquo;adh\u00e9rent au CAF Ch\u00e2lons en Champagne, vous pouvez emprunter du mat\u00e9riel gratuitement pour vos sorties en ext\u00e9rieur\/montagne<\/p>\n\n\n\n<h4 class=\"wp-block-heading\">Conditions :<\/h4>\n\n\n\n<ul class=\"wp-block-list\">\n<li>\u00catre \u00e0 jour de sa cotisation FFCAM ou FFME<\/li>\n\n\n\n<li>S\u2019engager \u00e0 rapporter le mat\u00e9riel d\u00e8s son retour, nettoy\u00e9, s\u00e9ch\u00e9 et fart\u00e9s pour les skis<\/li>\n\n\n\n<li>Ne pas emprunter du mat\u00e9riel pour un non licenci\u00e9s<\/li>\n\n\n\n<li>Fiche \u00e0 remplir (nom, pr\u00e9nom, num\u00e9ro de t\u00e9l, mat\u00e9riel emprunt\u00e9)<\/li>\n<\/ul>\n\n\n\n<h4 class=\"wp-block-heading\">Dur\u00e9e<\/h4>\n\n\n\n<ul class=\"wp-block-list\">\n<li>En principe une semaine, mais on est arrangeant pour aller au-del\u00e0 si n\u00e9cessaire<\/li>\n<\/ul>\n\n\n\n<h4 class=\"wp-block-heading\">Enl\u00e8vement et retour du mat\u00e9riel<\/h4>\n\n\n\n<ul class=\"wp-block-list\">\n<li>Ca se passe au Refuge Vertical. Afin de convenir d\u2019un rendez-vous, il suffit de contacter <strong>Lison<\/strong> ou <strong>Nathalie<\/strong> par mail \u00e0 l\u2019adresse suivante : <a href=\"mailto:materiel.cafchalons@gmail.com\">materiel.cafchalons@gmail.com<\/a><\/li>\n<\/ul>\n\n\n\n<h4 class=\"wp-block-heading\">Mat\u00e9riel \u00e0 votre disposition<\/h4>\n\n\n\n<ul class=\"wp-block-list\">\n<li>Skis de randonn\u00e9e (sans les chaussures)<\/li>\n\n\n\n<li>Mousquetons \u00e0 vis<\/li>\n\n\n\n<li>Casques<\/li>\n\n\n\n<li>Raquettes<\/li>\n\n\n\n<li>B\u00e2tons (\u00e0 faire s\u00e9cher d\u00e9pli\u00e9s et \u00e0 rendre pli\u00e9s au club)<\/li>\n\n\n\n<li>Piolets<\/li>\n\n\n\n<li>Crampons<\/li>\n\n\n\n<li>Broches \u00e0 glace<\/li>\n\n\n\n<li>Pelles \u00e0 neige et sondes<\/li>\n\n\n\n<li>Boussoles<\/li>\n\n\n\n<li>D\u00e9tecteurs de victimes d\u2019avalanche (DVA) : Ils sont toujours remis \u00e0 l\u2019emprunteur sans piles et doivent donc \u00eatre restitu\u00e9s sans piles afin d\u2019\u00e9viter qu\u2019elles ne coulent dans l&rsquo;appareil. L&rsquo;utilisateur est donc responsable de l&rsquo;\u00e9tat des piles (et en aucun cas le club).<\/li>\n<\/ul>\n\n\n\n<h4 class=\"wp-block-heading\">Mat\u00e9riel interdit au pr\u00eat<\/h4>\n\n\n\n<p>Il n&rsquo;est pas possible d&#8217;emprunter le mat\u00e9riel textile pour des raisons de s\u00e9curit\u00e9, car il r\u00e9serv\u00e9 aux encadrants pour les sorties officielles planifi\u00e9es.<\/p>\n\n\n\n<ul class=\"wp-block-list\">\n<li>Cordes<\/li>\n\n\n\n<li>D\u00e9gaines<\/li>\n\n\n\n<li>Sangles<\/li>\n\n\n\n<li>Longe de via ferrata<\/li>\n\n\n\n<li>Baudriers<\/li>\n\n\n\n<li>Friends (coinceurs d\u2019escalade)<\/li>\n<\/ul>\n\n\n\n<p><\/p>\n\n\n\n<p class=\"has-vivid-red-color has-text-color has-link-color has-large-font-size wp-elements-d8e1277a3ec21515b0c4b23d5f7d8b19\">Tout le mat\u00e9riel doit \u00eatre rendu PROPRE et SEC (notamment crampons, piolet, skis avec peaux, raquettes et b\u00e2tons)<\/p>\n","protected":false},"excerpt":{"rendered":"<p>Pr\u00eats de mat\u00e9riel En tant qu&rsquo;adh\u00e9rent au CAF Ch\u00e2lons en Champagne, vous pouvez emprunter du mat\u00e9riel gratuitement pour vos sorties en ext\u00e9rieur\/montagne Conditions : Dur\u00e9e Enl\u00e8vement et retour du mat\u00e9riel Mat\u00e9riel \u00e0 votre disposition Mat\u00e9riel interdit au pr\u00eat Il n&rsquo;est pas possible d&#8217;emprunter le mat\u00e9riel textile pour des raisons de s\u00e9curit\u00e9, car il r\u00e9serv\u00e9 aux [&hellip;]<\/p>\n","protected":false},"author":3,"featured_media":0,"parent":249,"menu_order":50,"comment_status":"closed","ping_status":"closed","template":"","meta":{"footnotes":""},"class_list":["post-517","page","type-page","status-publish","hentry"],"_links":{"self":[{"href":"https:\/\/refugeverticalcafchalons.com\/index.php\/wp-json\/wp\/v2\/pages\/517","targetHints":{"allow":["GET"]}}],"collection":[{"href":"https:\/\/refugeverticalcafchalons.com\/index.php\/wp-json\/wp\/v2\/pages"}],"about":[{"href":"https:\/\/refugeverticalcafchalons.com\/index.php\/wp-json\/wp\/v2\/types\/page"}],"author":[{"embeddable":true,"href":"https:\/\/refugeverticalcafchalons.com\/index.php\/wp-json\/wp\/v2\/users\/3"}],"replies":[{"embeddable":true,"href":"https:\/\/refugeverticalcafchalons.com\/index.php\/wp-json\/wp\/v2\/comments?post=517"}],"version-history":[{"count":4,"href":"https:\/\/refugeverticalcafchalons.com\/index.php\/wp-json\/wp\/v2\/pages\/517\/revisions"}],"predecessor-version":[{"id":521,"href":"https:\/\/refugeverticalcafchalons.com\/index.php\/wp-json\/wp\/v2\/pages\/517\/revisions\/521"}],"up":[{"embeddable":true,"href":"https:\/\/refugeverticalcafchalons.com\/index.php\/wp-json\/wp\/v2\/pages\/249"}],"wp:attachment":[{"href":"https:\/\/refugeverticalcafchalons.com\/index.php\/wp-json\/wp\/v2\/media?parent=517"}],"curies":[{"name":"wp","href":"https:\/\/api.w.org\/{rel}","templated":true}]}}