{"id":503,"date":"2026-03-29T12:03:53","date_gmt":"2026-03-29T10:03:53","guid":{"rendered":"https:\/\/refugeverticalcafchalons.com\/?page_id=503"},"modified":"2026-03-29T12:06:42","modified_gmt":"2026-03-29T10:06:42","slug":"creneaux","status":"publish","type":"page","link":"https:\/\/refugeverticalcafchalons.com\/index.php\/le-club\/creneaux\/","title":{"rendered":"Cr\u00e9neaux libres"},"content":{"rendered":"\n<p>Vous trouverez ci-dessous le planning des cr\u00e9neaux libres (r\u00e9serv\u00e9s \u00e0 nos adh\u00e9rents)<\/p>\n\n\n\n<figure class=\"wp-block-image size-large\"><img loading=\"lazy\" decoding=\"async\" width=\"724\" height=\"1024\" src=\"https:\/\/refugeverticalcafchalons.com\/wp-content\/uploads\/2026\/03\/2025-2026-Creneaux-libres-724x1024.png\" alt=\"\" class=\"wp-image-504\" srcset=\"https:\/\/refugeverticalcafchalons.com\/wp-content\/uploads\/2026\/03\/2025-2026-Creneaux-libres-724x1024.png 724w, https:\/\/refugeverticalcafchalons.com\/wp-content\/uploads\/2026\/03\/2025-2026-Creneaux-libres-212x300.png 212w, https:\/\/refugeverticalcafchalons.com\/wp-content\/uploads\/2026\/03\/2025-2026-Creneaux-libres-768x1086.png 768w, https:\/\/refugeverticalcafchalons.com\/wp-content\/uploads\/2026\/03\/2025-2026-Creneaux-libres-1086x1536.png 1086w, https:\/\/refugeverticalcafchalons.com\/wp-content\/uploads\/2026\/03\/2025-2026-Creneaux-libres.png 1414w\" sizes=\"auto, (max-width: 724px) 100vw, 724px\" \/><\/figure>\n","protected":false},"excerpt":{"rendered":"<p>Vous trouverez ci-dessous le planning des cr\u00e9neaux libres (r\u00e9serv\u00e9s \u00e0 nos adh\u00e9rents)<\/p>\n","protected":false},"author":1,"featured_media":0,"parent":249,"menu_order":40,"comment_status":"closed","ping_status":"closed","template":"","meta":{"footnotes":""},"class_list":["post-503","page","type-page","status-publish","hentry"],"_links":{"self":[{"href":"https:\/\/refugeverticalcafchalons.com\/index.php\/wp-json\/wp\/v2\/pages\/503","targetHints":{"allow":["GET"]}}],"collection":[{"href":"https:\/\/refugeverticalcafchalons.com\/index.php\/wp-json\/wp\/v2\/pages"}],"about":[{"href":"https:\/\/refugeverticalcafchalons.com\/index.php\/wp-json\/wp\/v2\/types\/page"}],"author":[{"embeddable":true,"href":"https:\/\/refugeverticalcafchalons.com\/index.php\/wp-json\/wp\/v2\/users\/1"}],"replies":[{"embeddable":true,"href":"https:\/\/refugeverticalcafchalons.com\/index.php\/wp-json\/wp\/v2\/comments?post=503"}],"version-history":[{"count":2,"href":"https:\/\/refugeverticalcafchalons.com\/index.php\/wp-json\/wp\/v2\/pages\/503\/revisions"}],"predecessor-version":[{"id":506,"href":"https:\/\/refugeverticalcafchalons.com\/index.php\/wp-json\/wp\/v2\/pages\/503\/revisions\/506"}],"up":[{"embeddable":true,"href":"https:\/\/refugeverticalcafchalons.com\/index.php\/wp-json\/wp\/v2\/pages\/249"}],"wp:attachment":[{"href":"https:\/\/refugeverticalcafchalons.com\/index.php\/wp-json\/wp\/v2\/media?parent=503"}],"curies":[{"name":"wp","href":"https:\/\/api.w.org\/{rel}","templated":true}]}}