{"id":427,"date":"2026-01-15T15:14:02","date_gmt":"2026-01-15T14:14:02","guid":{"rendered":"https:\/\/refugeverticalcafchalons.com\/?page_id=427"},"modified":"2026-03-29T12:06:23","modified_gmt":"2026-03-29T10:06:23","slug":"nos-benevoles","status":"publish","type":"page","link":"https:\/\/refugeverticalcafchalons.com\/index.php\/le-club\/nos-benevoles\/","title":{"rendered":"Nos b\u00e9n\u00e9voles"},"content":{"rendered":"\n<p>Une association ne serait rien sans ses b\u00e9n\u00e9voles. Voici les diff\u00e9rentes personnes qui donnent de leur temps afin de faire vivre le CAF Chalons et le Refuge Vertical<\/p>\n\n\n\n<h2 class=\"wp-block-heading\">Comit\u00e9 Directeur<\/h2>\n\n\n\n<div class=\"wp-block-group is-layout-grid wp-container-core-group-is-layout-478b6e6b wp-block-group-is-layout-grid\">\n<h3 class=\"wp-block-heading\">Bureau<\/h3>\n\n\n\n<ul class=\"wp-block-list\">\n<li>Pr\u00e9sident : Ludovic Zaluski<\/li>\n\n\n\n<li>Vice-pr\u00e9sident : Olivier Barneff<\/li>\n\n\n\n<li>Tr\u00e9sori\u00e8re : Alisson Michel<\/li>\n\n\n\n<li>Vice-tr\u00e9sorier : Patrice Fabbro<\/li>\n\n\n\n<li>Secr\u00e9taire : Sylvie Merlier<\/li>\n<\/ul>\n\n\n\n<h3 class=\"wp-block-heading\">Membres<\/h3>\n\n\n\n<ul class=\"wp-block-list\">\n<li>Antoine Blond<\/li>\n\n\n\n<li>Loup-Malo Constantin<\/li>\n\n\n\n<li>Benoit Cordier<\/li>\n\n\n\n<li>Ga\u00ebtan Epis<\/li>\n\n\n\n<li>Lison Mare<\/li>\n\n\n\n<li>Aur\u00e9lie Marest<\/li>\n\n\n\n<li>Sylvie Renaud<\/li>\n\n\n\n<li>Catherine Richon<\/li>\n\n\n\n<li>Nathalie Robert<\/li>\n<\/ul>\n<\/div>\n\n\n\n<h2 class=\"wp-block-heading\">Encadrants<\/h2>\n\n\n\n<div class=\"wp-block-group is-layout-grid wp-container-core-group-is-layout-b757edec wp-block-group-is-layout-grid\">\n<h3 class=\"wp-block-heading\">Ecole escalade<\/h3>\n\n\n\n<ul class=\"wp-block-list wp-container-content-5e2576f9\">\n<li>Simon Bidet (initiateur SAE)<\/li>\n\n\n\n<li>Rudy Brenckmann<\/li>\n\n\n\n<li>L\u00e9a Brisson (initiatrice SAE)<\/li>\n\n\n\n<li>Benoit Cordier (Initiateur SAE)<\/li>\n\n\n\n<li>Ga\u00ebtan Epis<\/li>\n\n\n\n<li>Lison Mare (initiatrice SAE)<\/li>\n\n\n\n<li>Marie-Pierre Paget<\/li>\n\n\n\n<li>Sylvie Renaud (Initiatrice SAE + SNE) sp\u00e9cialisation pour les personnes en situation de handicap)<\/li>\n\n\n\n<li>Nathalie Robert (initiatrice SAE)<\/li>\n\n\n\n<li>J\u00e9r\u00f4me Rothier (initiateur SAE)<\/li>\n\n\n\n<li>Teddy Tourolle (initiateur SAE)<\/li>\n<\/ul>\n\n\n\n<h3 class=\"wp-block-heading wp-container-content-5e2576f9\">Sortie ext\u00e9rieur<\/h3>\n\n\n\n<ul class=\"wp-block-list wp-container-content-5e2576f9\">\n<li>Anne-Laure Caquineau<\/li>\n\n\n\n<li>Benoit Cordier (initiateur SNE)<\/li>\n\n\n\n<li>Dirk Schambacher (initiateur SNE + terrain d&rsquo;aventure)<\/li>\n<\/ul>\n\n\n\n<h3 class=\"wp-block-heading\">Randonn\u00e9e<\/h3>\n\n\n\n<ul class=\"wp-block-list\">\n<li>Alain Caquet<\/li>\n\n\n\n<li>Catherine Richon (initiateur randonn\u00e9e)<\/li>\n<\/ul>\n<\/div>\n\n\n\n<p><\/p>\n","protected":false},"excerpt":{"rendered":"<p>Une association ne serait rien sans ses b\u00e9n\u00e9voles. Voici les diff\u00e9rentes personnes qui donnent de leur temps afin de faire vivre le CAF Chalons et le Refuge Vertical Comit\u00e9 Directeur Bureau Membres Encadrants Ecole escalade Sortie ext\u00e9rieur Randonn\u00e9e<\/p>\n","protected":false},"author":3,"featured_media":0,"parent":249,"menu_order":10,"comment_status":"closed","ping_status":"closed","template":"","meta":{"footnotes":""},"class_list":["post-427","page","type-page","status-publish","hentry"],"_links":{"self":[{"href":"https:\/\/refugeverticalcafchalons.com\/index.php\/wp-json\/wp\/v2\/pages\/427","targetHints":{"allow":["GET"]}}],"collection":[{"href":"https:\/\/refugeverticalcafchalons.com\/index.php\/wp-json\/wp\/v2\/pages"}],"about":[{"href":"https:\/\/refugeverticalcafchalons.com\/index.php\/wp-json\/wp\/v2\/types\/page"}],"author":[{"embeddable":true,"href":"https:\/\/refugeverticalcafchalons.com\/index.php\/wp-json\/wp\/v2\/users\/3"}],"replies":[{"embeddable":true,"href":"https:\/\/refugeverticalcafchalons.com\/index.php\/wp-json\/wp\/v2\/comments?post=427"}],"version-history":[{"count":6,"href":"https:\/\/refugeverticalcafchalons.com\/index.php\/wp-json\/wp\/v2\/pages\/427\/revisions"}],"predecessor-version":[{"id":453,"href":"https:\/\/refugeverticalcafchalons.com\/index.php\/wp-json\/wp\/v2\/pages\/427\/revisions\/453"}],"up":[{"embeddable":true,"href":"https:\/\/refugeverticalcafchalons.com\/index.php\/wp-json\/wp\/v2\/pages\/249"}],"wp:attachment":[{"href":"https:\/\/refugeverticalcafchalons.com\/index.php\/wp-json\/wp\/v2\/media?parent=427"}],"curies":[{"name":"wp","href":"https:\/\/api.w.org\/{rel}","templated":true}]}}