{"id":361,"date":"2026-01-15T13:19:56","date_gmt":"2026-01-15T12:19:56","guid":{"rendered":"https:\/\/refugeverticalcafchalons.com\/?page_id=361"},"modified":"2026-03-29T12:21:42","modified_gmt":"2026-03-29T10:21:42","slug":"contact","status":"publish","type":"page","link":"https:\/\/refugeverticalcafchalons.com\/index.php\/contact\/","title":{"rendered":"Contact"},"content":{"rendered":"\n<p>Voici la liste des personnes que vous pouvez contacter si vous souhaitez avoir de plus amples informations concernant une activit\u00e9 ou un service propos\u00e9 par le club.<\/p>\n\n\n\n<h2 class=\"wp-block-heading\">Salle Refuge Vertical<\/h2>\n\n\n\n<p>Email : refugeverticalcafchalons@gmail.com<\/p>\n\n\n\n<p>T\u00e9l\u00e9phone : <a href=\"https:\/\/www.google.com\/search?q=refuge+vertical&amp;oq=refuge+vertical&amp;gs_lcrp=EgZjaHJvbWUyBggAEEUYOTIGCAEQRRg8MgYIAhBFGDwyBggDEEUYPNIBCDM1MTdqMGoxqAIIsAIB&amp;sourceid=chrome&amp;ie=UTF-8#\">07 45 21 14 83<\/a><\/p>\n\n\n\n<h2 class=\"wp-block-heading\">Pr\u00eat de mat\u00e9riel<\/h2>\n\n\n\n<p>Merci de t\u00e9l\u00e9charger et compl\u00e9ter la <a href=\"https:\/\/refugeverticalcafchalons.com\/wp-content\/uploads\/2026\/03\/FICHE-PRET-DE-MATERIEL.pdf\" target=\"_blank\" rel=\"noreferrer noopener\">fiche de pr\u00eat<\/a> et de la renvoyer \u00e0 l&#8217;email suivant : materiel.cafchalons@gmail.com<\/p>\n\n\n\n<p><\/p>\n","protected":false},"excerpt":{"rendered":"<p>Voici la liste des personnes que vous pouvez contacter si vous souhaitez avoir de plus amples informations concernant une activit\u00e9 ou un service propos\u00e9 par le club. Salle Refuge Vertical Email : refugeverticalcafchalons@gmail.com T\u00e9l\u00e9phone : 07 45 21 14 83 Pr\u00eat de mat\u00e9riel Merci de t\u00e9l\u00e9charger et compl\u00e9ter la fiche de pr\u00eat et de la [&hellip;]<\/p>\n","protected":false},"author":3,"featured_media":0,"parent":0,"menu_order":3,"comment_status":"closed","ping_status":"closed","template":"","meta":{"footnotes":""},"class_list":["post-361","page","type-page","status-publish","hentry"],"_links":{"self":[{"href":"https:\/\/refugeverticalcafchalons.com\/index.php\/wp-json\/wp\/v2\/pages\/361","targetHints":{"allow":["GET"]}}],"collection":[{"href":"https:\/\/refugeverticalcafchalons.com\/index.php\/wp-json\/wp\/v2\/pages"}],"about":[{"href":"https:\/\/refugeverticalcafchalons.com\/index.php\/wp-json\/wp\/v2\/types\/page"}],"author":[{"embeddable":true,"href":"https:\/\/refugeverticalcafchalons.com\/index.php\/wp-json\/wp\/v2\/users\/3"}],"replies":[{"embeddable":true,"href":"https:\/\/refugeverticalcafchalons.com\/index.php\/wp-json\/wp\/v2\/comments?post=361"}],"version-history":[{"count":6,"href":"https:\/\/refugeverticalcafchalons.com\/index.php\/wp-json\/wp\/v2\/pages\/361\/revisions"}],"predecessor-version":[{"id":511,"href":"https:\/\/refugeverticalcafchalons.com\/index.php\/wp-json\/wp\/v2\/pages\/361\/revisions\/511"}],"wp:attachment":[{"href":"https:\/\/refugeverticalcafchalons.com\/index.php\/wp-json\/wp\/v2\/media?parent=361"}],"curies":[{"name":"wp","href":"https:\/\/api.w.org\/{rel}","templated":true}]}}