{"id":259,"date":"2025-10-20T19:44:38","date_gmt":"2025-10-20T17:44:38","guid":{"rendered":"https:\/\/refugeverticalcafchalons.com\/?page_id=259"},"modified":"2026-03-29T12:06:33","modified_gmt":"2026-03-29T10:06:33","slug":"lecole-descalade","status":"publish","type":"page","link":"https:\/\/refugeverticalcafchalons.com\/index.php\/le-club\/lecole-descalade\/","title":{"rendered":"L&rsquo;\u00e9cole d&rsquo;escalade"},"content":{"rendered":"\n<p>Vous trouverez ci-dessous les diff\u00e9rents cr\u00e9neaux de cours propos\u00e9s.<\/p>\n\n\n\n<figure class=\"wp-block-image size-large\"><img loading=\"lazy\" decoding=\"async\" width=\"724\" height=\"1024\" src=\"https:\/\/refugeverticalcafchalons.com\/wp-content\/uploads\/2025\/10\/CAFChaRefugeVertical-Cours-724x1024.png\" alt=\"\" class=\"wp-image-231\" srcset=\"https:\/\/refugeverticalcafchalons.com\/wp-content\/uploads\/2025\/10\/CAFChaRefugeVertical-Cours-724x1024.png 724w, https:\/\/refugeverticalcafchalons.com\/wp-content\/uploads\/2025\/10\/CAFChaRefugeVertical-Cours-212x300.png 212w, https:\/\/refugeverticalcafchalons.com\/wp-content\/uploads\/2025\/10\/CAFChaRefugeVertical-Cours-768x1086.png 768w, https:\/\/refugeverticalcafchalons.com\/wp-content\/uploads\/2025\/10\/CAFChaRefugeVertical-Cours-1086x1536.png 1086w, https:\/\/refugeverticalcafchalons.com\/wp-content\/uploads\/2025\/10\/CAFChaRefugeVertical-Cours.png 1414w\" sizes=\"auto, (max-width: 724px) 100vw, 724px\" \/><\/figure>\n","protected":false},"excerpt":{"rendered":"<p>Vous trouverez ci-dessous les diff\u00e9rents cr\u00e9neaux de cours propos\u00e9s.<\/p>\n","protected":false},"author":3,"featured_media":0,"parent":249,"menu_order":30,"comment_status":"closed","ping_status":"closed","template":"","meta":{"footnotes":""},"class_list":["post-259","page","type-page","status-publish","hentry"],"_links":{"self":[{"href":"https:\/\/refugeverticalcafchalons.com\/index.php\/wp-json\/wp\/v2\/pages\/259","targetHints":{"allow":["GET"]}}],"collection":[{"href":"https:\/\/refugeverticalcafchalons.com\/index.php\/wp-json\/wp\/v2\/pages"}],"about":[{"href":"https:\/\/refugeverticalcafchalons.com\/index.php\/wp-json\/wp\/v2\/types\/page"}],"author":[{"embeddable":true,"href":"https:\/\/refugeverticalcafchalons.com\/index.php\/wp-json\/wp\/v2\/users\/3"}],"replies":[{"embeddable":true,"href":"https:\/\/refugeverticalcafchalons.com\/index.php\/wp-json\/wp\/v2\/comments?post=259"}],"version-history":[{"count":1,"href":"https:\/\/refugeverticalcafchalons.com\/index.php\/wp-json\/wp\/v2\/pages\/259\/revisions"}],"predecessor-version":[{"id":260,"href":"https:\/\/refugeverticalcafchalons.com\/index.php\/wp-json\/wp\/v2\/pages\/259\/revisions\/260"}],"up":[{"embeddable":true,"href":"https:\/\/refugeverticalcafchalons.com\/index.php\/wp-json\/wp\/v2\/pages\/249"}],"wp:attachment":[{"href":"https:\/\/refugeverticalcafchalons.com\/index.php\/wp-json\/wp\/v2\/media?parent=259"}],"curies":[{"name":"wp","href":"https:\/\/api.w.org\/{rel}","templated":true}]}}