{"id":249,"date":"2025-10-20T19:25:07","date_gmt":"2025-10-20T17:25:07","guid":{"rendered":"https:\/\/refugeverticalcafchalons.com\/?page_id=249"},"modified":"2026-03-29T17:37:15","modified_gmt":"2026-03-29T15:37:15","slug":"le-club","status":"publish","type":"page","link":"https:\/\/refugeverticalcafchalons.com\/index.php\/le-club\/","title":{"rendered":"Le club"},"content":{"rendered":"\n<p>Le Club Alpin Fran\u00e7ais (CAF) de Ch\u00e2lons a \u00e9t\u00e9 cr\u00e9\u00e9 en 1989.<\/p>\n\n\n\n<p>Il est affili\u00e9 \u00e0 la FFCAM, F\u00e9d\u00e9ration Fran\u00e7aise des Clubs Alpins et de Montagne ainsi qu&rsquo;\u00e0 la FFME, F\u00e9d\u00e9ration Fran\u00e7aise de la Montagne et de l&rsquo;Escalade.<\/p>\n\n\n\n<p>Son but est de promouvoir et rendre accessible au plus grand nombre la pratique d&rsquo;activit\u00e9s physiques li\u00e9es \u00e0 la nature et \u00e0 la montagne.<\/p>\n\n\n\n<p>Le CAF Ch\u00e2lons se veut \u00eatre avant tout un lieu de convivialit\u00e9 permettant aux adh\u00e9rents de se rencontrer et de partager leurs passions.<\/p>\n\n\n\n<p>Il compte environ 350 adh\u00e9rents, qui se r\u00e9partissent dans les diff\u00e9rentes activit\u00e9s propos\u00e9es :<\/p>\n\n\n\n<ul class=\"wp-block-list\">\n<li>Escalade<\/li>\n\n\n\n<li>Alpinisme<\/li>\n\n\n\n<li>Haute randonn\u00e9e alpine<\/li>\n\n\n\n<li>Ski de randonn\u00e9e<\/li>\n\n\n\n<li>Raquettes<\/li>\n\n\n\n<li>Randonn\u00e9e plaine<\/li>\n\n\n\n<li>Randonn\u00e9e montagne<\/li>\n<\/ul>\n\n\n\n<p>Une \u00e9cole d&rsquo;escalade accueille les jeunes de 5 \u00e0 17 ans, ainsi que les adultes d\u00e9butants et confirm\u00e9s.<\/p>\n\n\n\n<p>Notre \u00e9cole est labilis\u00e9e aupr\u00e8s de la FFCAM .<\/p>\n\n\n\n<figure class=\"wp-block-image aligncenter size-full is-resized\"><img loading=\"lazy\" decoding=\"async\" width=\"1024\" height=\"768\" src=\"https:\/\/refugeverticalcafchalons.com\/wp-content\/uploads\/2025\/10\/Labellisation-ecole-escalade.jpg\" alt=\"\" class=\"wp-image-251\" style=\"width:529px;height:auto\" srcset=\"https:\/\/refugeverticalcafchalons.com\/wp-content\/uploads\/2025\/10\/Labellisation-ecole-escalade.jpg 1024w, https:\/\/refugeverticalcafchalons.com\/wp-content\/uploads\/2025\/10\/Labellisation-ecole-escalade-300x225.jpg 300w, https:\/\/refugeverticalcafchalons.com\/wp-content\/uploads\/2025\/10\/Labellisation-ecole-escalade-768x576.jpg 768w\" sizes=\"auto, (max-width: 1024px) 100vw, 1024px\" \/><\/figure>\n\n\n\n<p>Les cours ont lieu \u00e0 la salle du Refuge Vertical ainsi qu&rsquo;\u00e0 Haussimont et \u00e0 V\u00e9signeul et sont assur\u00e9s par deux moniteurs d&rsquo;escalade professionnels et des initiateurs dipl\u00f4m\u00e9s du club.<\/p>\n\n\n\n<p>Les adultes autonomes peuvent pratiquer librement sur les murs du coll\u00e8ge Perrot d&rsquo;Ablancourt, du palais de sports Pierre de Coubertin, d&rsquo;Haussimont et bien s\u00fbr au Refuge Vertical (cliquez pour visualiser les <a href=\"https:\/\/refugeverticalcafchalons.com\/index.php\/le-club\/creneaux\/\" data-type=\"page\" data-id=\"503\">cr\u00e9neaux libres<\/a>)<\/p>\n\n\n\n<p>Une \u00e9quipe dynamique de b\u00e9n\u00e9voles dipl\u00f4m\u00e9s encadre les activit\u00e9s et sorties tout au long de l&rsquo;ann\u00e9e.<\/p>\n\n\n\n<p>Retrouver toutes les informations sur nos<a href=\"https:\/\/refugeverticalcafchalons.com\/wp-content\/uploads\/2026\/03\/Statuts-CAF-18-12-2025.pdf\" target=\"_blank\" rel=\"noreferrer noopener\"> statuts<\/a>, le <a href=\"https:\/\/refugeverticalcafchalons.com\/wp-content\/uploads\/2026\/03\/Reglement-Interieur-CAF-nov-2025.pdf\" target=\"_blank\" rel=\"noreferrer noopener\">r\u00e8glement int\u00e9rieur du Club<\/a>, <a href=\"https:\/\/refugeverticalcafchalons.com\/index.php\/le-club\/lecole-descalade\/\" data-type=\"page\" data-id=\"259\">l&rsquo;\u00e9cole d&rsquo;escalade<\/a> ainsi que les <a href=\"https:\/\/refugeverticalcafchalons.com\/index.php\/le-club\/le-cafcha\/\" data-type=\"page\" data-id=\"211\">tarifs<\/a><\/p>\n","protected":false},"excerpt":{"rendered":"<p>Le Club Alpin Fran\u00e7ais (CAF) de Ch\u00e2lons a \u00e9t\u00e9 cr\u00e9\u00e9 en 1989. Il est affili\u00e9 \u00e0 la FFCAM, F\u00e9d\u00e9ration Fran\u00e7aise des Clubs Alpins et de Montagne ainsi qu&rsquo;\u00e0 la FFME, F\u00e9d\u00e9ration Fran\u00e7aise de la Montagne et de l&rsquo;Escalade. Son but est de promouvoir et rendre accessible au plus grand nombre la pratique d&rsquo;activit\u00e9s physiques li\u00e9es [&hellip;]<\/p>\n","protected":false},"author":3,"featured_media":0,"parent":0,"menu_order":0,"comment_status":"closed","ping_status":"closed","template":"","meta":{"footnotes":""},"class_list":["post-249","page","type-page","status-publish","hentry"],"_links":{"self":[{"href":"https:\/\/refugeverticalcafchalons.com\/index.php\/wp-json\/wp\/v2\/pages\/249","targetHints":{"allow":["GET"]}}],"collection":[{"href":"https:\/\/refugeverticalcafchalons.com\/index.php\/wp-json\/wp\/v2\/pages"}],"about":[{"href":"https:\/\/refugeverticalcafchalons.com\/index.php\/wp-json\/wp\/v2\/types\/page"}],"author":[{"embeddable":true,"href":"https:\/\/refugeverticalcafchalons.com\/index.php\/wp-json\/wp\/v2\/users\/3"}],"replies":[{"embeddable":true,"href":"https:\/\/refugeverticalcafchalons.com\/index.php\/wp-json\/wp\/v2\/comments?post=249"}],"version-history":[{"count":9,"href":"https:\/\/refugeverticalcafchalons.com\/index.php\/wp-json\/wp\/v2\/pages\/249\/revisions"}],"predecessor-version":[{"id":516,"href":"https:\/\/refugeverticalcafchalons.com\/index.php\/wp-json\/wp\/v2\/pages\/249\/revisions\/516"}],"wp:attachment":[{"href":"https:\/\/refugeverticalcafchalons.com\/index.php\/wp-json\/wp\/v2\/media?parent=249"}],"curies":[{"name":"wp","href":"https:\/\/api.w.org\/{rel}","templated":true}]}}