{"id":23,"date":"2025-08-21T22:08:39","date_gmt":"2025-08-21T20:08:39","guid":{"rendered":"http:\/\/mattei.ovh\/?page_id=23"},"modified":"2026-01-15T13:24:16","modified_gmt":"2026-01-15T12:24:16","slug":"la-salle","status":"publish","type":"page","link":"https:\/\/refugeverticalcafchalons.com\/index.php\/la-salle\/","title":{"rendered":"La salle"},"content":{"rendered":"\n<p>Le Refuge Vertical vous propose tous les \u00e9quipements n\u00e9cessaires \u00e0 la pratique des disciplines suivantes de l\u2019escalade : la difficult\u00e9, le bloc<\/p>\n\n\n\n<ul class=\"wp-block-list\">\n<li>Un mur de difficult\u00e9 de 7,5 m\u00e8tres de haut proposant plusieurs voies<\/li>\n\n\n\n<li>Plusieurs secteurs d\u00e9di\u00e9s \u00e0 la pratique du bloc adapt\u00e9s \u00e0 tous les niveaux<\/li>\n\n\n\n<li>Un Moon Board \u00e0 40\u00b0 proposant des milliers de combinaisons partag\u00e9s avec des grimpeurs partout autour du monde (plus d&rsquo;informations sur le Moon Board sur le <a href=\"https:\/\/moonclimbing.com\/what-is-moonboard\" target=\"_blank\" rel=\"noreferrer noopener\">site officiel<\/a>)<\/li>\n\n\n\n<li>Un espace de \u00ab\u00a0Baby Escalade\u00a0\u00bb d\u00e9di\u00e9 pour les plus jeunes grimpeurs (\u00e0 partir de 4 ans)<\/li>\n<\/ul>\n\n\n\n<p>Le Refuge Vertical vous propose \u00e9galement un bar et plusieurs zones de d\u00e9tente.<\/p>\n\n\n\n<div style=\"height:25px\" aria-hidden=\"true\" class=\"wp-block-spacer\"><\/div>\n\n\n\n<h2 class=\"wp-block-heading\">Quelques photos<\/h2>\n\n\n\n<figure class=\"wp-block-gallery has-nested-images columns-default is-cropped wp-block-gallery-1 is-layout-flex wp-block-gallery-is-layout-flex\">\n<figure class=\"wp-block-image size-large\"><img decoding=\"async\" data-id=\"39\" src=\"http:\/\/mattei.ovh\/wp-content\/uploads\/2025\/08\/P1030642-2-1024x768.jpg\" alt=\"\" class=\"wp-image-39\"\/><\/figure>\n\n\n\n<figure class=\"wp-block-image size-large\"><img decoding=\"async\" data-id=\"38\" src=\"http:\/\/mattei.ovh\/wp-content\/uploads\/2025\/08\/P1030626-2-1024x768.jpg\" alt=\"\" class=\"wp-image-38\"\/><\/figure>\n\n\n\n<figure class=\"wp-block-image size-large\"><img decoding=\"async\" data-id=\"41\" src=\"http:\/\/mattei.ovh\/wp-content\/uploads\/2025\/08\/P1030652-1-1024x768.jpg\" alt=\"\" class=\"wp-image-41\"\/><\/figure>\n\n\n\n<figure class=\"wp-block-image size-large\"><img decoding=\"async\" data-id=\"40\" src=\"http:\/\/mattei.ovh\/wp-content\/uploads\/2025\/08\/P1030662-1-1024x768.jpg\" alt=\"\" class=\"wp-image-40\"\/><\/figure>\n\n\n\n<figure class=\"wp-block-image size-large\"><img decoding=\"async\" data-id=\"42\" src=\"http:\/\/mattei.ovh\/wp-content\/uploads\/2025\/08\/P1030669-1-1024x768.jpg\" alt=\"\" class=\"wp-image-42\"\/><\/figure>\n\n\n\n<figure class=\"wp-block-image size-large\"><img decoding=\"async\" data-id=\"44\" src=\"http:\/\/mattei.ovh\/wp-content\/uploads\/2025\/08\/P1030671-1-1024x768.jpg\" alt=\"\" class=\"wp-image-44\"\/><\/figure>\n\n\n\n<figure class=\"wp-block-image size-large\"><img decoding=\"async\" data-id=\"46\" src=\"http:\/\/mattei.ovh\/wp-content\/uploads\/2025\/08\/P1030673-2-1024x768.jpg\" alt=\"\" class=\"wp-image-46\"\/><\/figure>\n\n\n\n<figure class=\"wp-block-image size-large\"><img decoding=\"async\" data-id=\"43\" src=\"http:\/\/mattei.ovh\/wp-content\/uploads\/2025\/08\/P1030675-1-1024x768.jpg\" alt=\"\" class=\"wp-image-43\"\/><\/figure>\n\n\n\n<figure class=\"wp-block-image size-large\"><img decoding=\"async\" data-id=\"47\" src=\"http:\/\/mattei.ovh\/wp-content\/uploads\/2025\/08\/P1030677-1-1024x768.jpg\" alt=\"\" class=\"wp-image-47\"\/><\/figure>\n\n\n\n<figure class=\"wp-block-image size-large\"><img decoding=\"async\" data-id=\"48\" src=\"http:\/\/mattei.ovh\/wp-content\/uploads\/2025\/08\/P1030678-1-1024x768.jpg\" alt=\"\" class=\"wp-image-48\"\/><\/figure>\n\n\n\n<figure class=\"wp-block-image size-large\"><img decoding=\"async\" data-id=\"49\" src=\"http:\/\/mattei.ovh\/wp-content\/uploads\/2025\/08\/P1030680-1-768x1024.jpg\" alt=\"\" class=\"wp-image-49\"\/><\/figure>\n<\/figure>\n\n\n\n<div style=\"height:25px\" aria-hidden=\"true\" class=\"wp-block-spacer\"><\/div>\n\n\n\n<h2 class=\"wp-block-heading\">La conception<\/h2>\n\n\n\n<div class=\"wp-block-media-text is-stacked-on-mobile\"><figure class=\"wp-block-media-text__media\"><img decoding=\"async\" src=\"http:\/\/mattei.ovh\/wp-content\/uploads\/2025\/08\/OCC-740x1024.jpg\" alt=\"\" class=\"wp-image-74 size-full\"\/><\/figure><div class=\"wp-block-media-text__content\">\n<p>Les am\u00e9nagements du Refuge Vertical ont \u00e9t\u00e9 con\u00e7us et install\u00e9s par OCC Construction, soci\u00e9t\u00e9 originaire du Jura, sp\u00e9cialiste dans les murs d&rsquo;escalade.<br>OCC Construction a r\u00e9alis\u00e9 de nombreuses installations et a particip\u00e9 \u00e0 la mise en place du mur de bloc pour les Jeux Olympiques de Paris 2024<\/p>\n\n\n\n<p>Plus d&rsquo;informations sur leur <a href=\"https:\/\/construction-occ.com\/\" target=\"_blank\" rel=\"noreferrer noopener\">site web<\/a><\/p>\n<\/div><\/div>\n","protected":false},"excerpt":{"rendered":"<p>Le Refuge Vertical vous propose tous les \u00e9quipements n\u00e9cessaires \u00e0 la pratique des disciplines suivantes de l\u2019escalade : la difficult\u00e9, le bloc Le Refuge Vertical vous propose \u00e9galement un bar et plusieurs zones de d\u00e9tente. Quelques photos La conception Les am\u00e9nagements du Refuge Vertical ont \u00e9t\u00e9 con\u00e7us et install\u00e9s par OCC Construction, soci\u00e9t\u00e9 originaire du [&hellip;]<\/p>\n","protected":false},"author":1,"featured_media":0,"parent":0,"menu_order":1,"comment_status":"closed","ping_status":"closed","template":"","meta":{"footnotes":""},"class_list":["post-23","page","type-page","status-publish","hentry"],"_links":{"self":[{"href":"https:\/\/refugeverticalcafchalons.com\/index.php\/wp-json\/wp\/v2\/pages\/23","targetHints":{"allow":["GET"]}}],"collection":[{"href":"https:\/\/refugeverticalcafchalons.com\/index.php\/wp-json\/wp\/v2\/pages"}],"about":[{"href":"https:\/\/refugeverticalcafchalons.com\/index.php\/wp-json\/wp\/v2\/types\/page"}],"author":[{"embeddable":true,"href":"https:\/\/refugeverticalcafchalons.com\/index.php\/wp-json\/wp\/v2\/users\/1"}],"replies":[{"embeddable":true,"href":"https:\/\/refugeverticalcafchalons.com\/index.php\/wp-json\/wp\/v2\/comments?post=23"}],"version-history":[{"count":3,"href":"https:\/\/refugeverticalcafchalons.com\/index.php\/wp-json\/wp\/v2\/pages\/23\/revisions"}],"predecessor-version":[{"id":227,"href":"https:\/\/refugeverticalcafchalons.com\/index.php\/wp-json\/wp\/v2\/pages\/23\/revisions\/227"}],"wp:attachment":[{"href":"https:\/\/refugeverticalcafchalons.com\/index.php\/wp-json\/wp\/v2\/media?parent=23"}],"curies":[{"name":"wp","href":"https:\/\/api.w.org\/{rel}","templated":true}]}}