{"id":158,"date":"2025-09-17T21:01:09","date_gmt":"2025-09-17T19:01:09","guid":{"rendered":"https:\/\/refugeverticalcafchalons.com\/?page_id=158"},"modified":"2026-02-04T19:45:05","modified_gmt":"2026-02-04T18:45:05","slug":"mentions-legales","status":"publish","type":"page","link":"https:\/\/refugeverticalcafchalons.com\/index.php\/divers__trashed\/mentions-legales\/","title":{"rendered":"Mentions l\u00e9gales"},"content":{"rendered":"\n<h1 class=\"wp-block-heading\">Mentions l\u00e9gales<\/h1>\n\n\n\n<p>En vigueur au 14\/09\/2025<\/p>\n\n\n\n<p>Conform\u00e9ment aux dispositions de la loi n\u00b02004-575 du 21 juin 2004 pour la Confiance en l\u2019\u00e9conomie num\u00e9rique, il est port\u00e9 \u00e0 la connaissance des utilisateurs et visiteurs, ci-apr\u00e8s l&rsquo;<strong>Utilisateur<\/strong>, du site https:\/\/refugeverticalcafchalons.com , ci-apr\u00e8s le <strong>Site<\/strong>, les pr\u00e9sentes mentions l\u00e9gales.<\/p>\n\n\n\n<p>La connexion et la navigation sur le Site par l\u2019Utilisateur implique acceptation int\u00e9grale et sans r\u00e9serve des pr\u00e9sentes mentions l\u00e9gales.<\/p>\n\n\n\n<p>Ces derni\u00e8res sont accessibles sur le Site \u00e0 la rubrique <strong>Mentions l\u00e9gales<\/strong>.<\/p>\n\n\n\n<h2 class=\"wp-block-heading\">Edition du site<\/h2>\n\n\n\n<p>L&rsquo;\u00e9dition du Site est assur\u00e9e par le Club Alpin Fran\u00e7ais Ch\u00e2lons en Champagne, Association d\u00e9clar\u00e9e immatricul\u00e9e sous le num\u00e9ro 382588622 dont le si\u00e8ge social est situ\u00e9 Rue d&rsquo;Argensol, 51150 Fagni\u00e8res,<\/p>\n\n\n\n<p>&gt; <strong>Adresse e-mail<\/strong> : directionrefugevertical@outlook.fr.<\/p>\n\n\n\n<p>&gt; <strong>Directeur de la publication<\/strong> : Maxime PAGET<\/p>\n\n\n\n<p>ci-apr\u00e8s l&rsquo;<strong>Editeur<\/strong>.<\/p>\n\n\n\n<h2 class=\"wp-block-heading\">H\u00e9bergeur<\/h2>\n\n\n\n<p>L&rsquo;h\u00e9bergeur du Site est la soci\u00e9t\u00e9 OVH, dont le si\u00e8ge social est situ\u00e9 au 2 rue Kellermann 59100 Roubaix .<\/p>\n\n\n\n<h2 class=\"wp-block-heading\">Acc\u00e8s au site<\/h2>\n\n\n\n<p>Le Site est normalement accessible, \u00e0 tout moment, \u00e0 l&rsquo;Utilisateur. Toutefois, l&rsquo;Editeur pourra, \u00e0 tout moment, suspendre, limiter ou interrompre le Site afin de proc\u00e9der, notamment, \u00e0 des mises \u00e0 jour ou des modifications de son contenu. L&rsquo;Editeur ne pourra en aucun cas \u00eatre tenu responsable des cons\u00e9quences \u00e9ventuelles de cette indisponibilit\u00e9 sur les activit\u00e9s de l&rsquo;Utilisateur.<\/p>\n\n\n\n<p>Toute utilisation, reproduction, diffusion, commercialisation, modification de toute ou partie du Site\ufeff, sans autorisation expresse de l\u2019Editeur est prohib\u00e9e et pourra entra\u00eener des actions et poursuites judiciaires telles que pr\u00e9vues par la r\u00e8glementation en vigueur.<\/p>\n","protected":false},"excerpt":{"rendered":"<p>Mentions l\u00e9gales En vigueur au 14\/09\/2025 Conform\u00e9ment aux dispositions de la loi n\u00b02004-575 du 21 juin 2004 pour la Confiance en l\u2019\u00e9conomie num\u00e9rique, il est port\u00e9 \u00e0 la connaissance des utilisateurs et visiteurs, ci-apr\u00e8s l&rsquo;Utilisateur, du site https:\/\/refugeverticalcafchalons.com , ci-apr\u00e8s le Site, les pr\u00e9sentes mentions l\u00e9gales. La connexion et la navigation sur le Site par [&hellip;]<\/p>\n","protected":false},"author":1,"featured_media":0,"parent":165,"menu_order":0,"comment_status":"closed","ping_status":"closed","template":"","meta":{"footnotes":""},"class_list":["post-158","page","type-page","status-publish","hentry"],"_links":{"self":[{"href":"https:\/\/refugeverticalcafchalons.com\/index.php\/wp-json\/wp\/v2\/pages\/158","targetHints":{"allow":["GET"]}}],"collection":[{"href":"https:\/\/refugeverticalcafchalons.com\/index.php\/wp-json\/wp\/v2\/pages"}],"about":[{"href":"https:\/\/refugeverticalcafchalons.com\/index.php\/wp-json\/wp\/v2\/types\/page"}],"author":[{"embeddable":true,"href":"https:\/\/refugeverticalcafchalons.com\/index.php\/wp-json\/wp\/v2\/users\/1"}],"replies":[{"embeddable":true,"href":"https:\/\/refugeverticalcafchalons.com\/index.php\/wp-json\/wp\/v2\/comments?post=158"}],"version-history":[{"count":5,"href":"https:\/\/refugeverticalcafchalons.com\/index.php\/wp-json\/wp\/v2\/pages\/158\/revisions"}],"predecessor-version":[{"id":451,"href":"https:\/\/refugeverticalcafchalons.com\/index.php\/wp-json\/wp\/v2\/pages\/158\/revisions\/451"}],"up":[{"embeddable":true,"href":"https:\/\/refugeverticalcafchalons.com\/index.php\/wp-json\/wp\/v2\/pages\/165"}],"wp:attachment":[{"href":"https:\/\/refugeverticalcafchalons.com\/index.php\/wp-json\/wp\/v2\/media?parent=158"}],"curies":[{"name":"wp","href":"https:\/\/api.w.org\/{rel}","templated":true}]}}