{"id":108,"date":"2025-08-23T11:09:44","date_gmt":"2025-08-23T09:09:44","guid":{"rendered":"https:\/\/mattei.ovh\/?page_id=108"},"modified":"2026-02-04T19:49:31","modified_gmt":"2026-02-04T18:49:31","slug":"infos-pratiques","status":"publish","type":"page","link":"https:\/\/refugeverticalcafchalons.com\/index.php\/la-salle\/infos-pratiques\/","title":{"rendered":"Infos pratiques"},"content":{"rendered":"\n<h1 class=\"wp-block-heading\">Informations pratiques<\/h1>\n\n\n\n<p>Le Refuge Vertical est ouverte \u00e0 toutes et tous, que vous soyez d\u00e9butant ou grimpeur confirm\u00e9<br>La salle permet de pratiquer \u00e0 la fois du bloc et de la difficult\u00e9.<br>L&rsquo;entr\u00e9e vous donne acc\u00e8s \u00e0 l\u2019ensemble des installations durant toute une journ\u00e9e.<br>Les nombreux blocs sont balis\u00e9s d\u2019\u00e9tiquettes de couleurs selon leur niveau (jaune, vert, bleu, rouge, noir et rose, respectivement du plus facile au plus difficile) et permettront de vous orienter facilement.<\/p>\n\n\n\n<h2 class=\"wp-block-heading\">Comment acc\u00e9der au Refuge Vertical<\/h2>\n\n\n\n<p>Le Refuge se trouve sur la commune de Fagni\u00e8res, au 8 rue L\u00e9o Kanner (juste \u00e0 c\u00f4t\u00e9 de la piscine Aquacit\u00e9)<br>Un parking est situ\u00e9 juste \u00e0 c\u00f4t\u00e9.<br>L&rsquo;acc\u00e8s est \u00e9galement possible en bus (ligne 4 &#8211; arr\u00eat Acquacit\u00e9)<\/p>\n\n\n\n<p><iframe src=\"https:\/\/www.google.com\/maps\/embed?pb=!1m18!1m12!1m3!1d2620.0909780492207!2d4.3265131!3d48.951753499999995!2m3!1f0!2f0!3f0!3m2!1i1024!2i768!4f13.1!3m3!1m2!1s0x47ebe083c262ad67%3A0xac83d6781b81635e!2sClub%20Alpin%20Fran%C3%A7ais!5e0!3m2!1sfr!2sfr!4v1755939797261!5m2!1sfr!2sfr\" width=\"100%\" height=\"450\" style=\"border:0;\" allowfullscreen=\"\" loading=\"lazy\" referrerpolicy=\"no-referrer-when-downgrade\"><\/iframe><\/p>\n","protected":false},"excerpt":{"rendered":"<p>Informations pratiques Le Refuge Vertical est ouverte \u00e0 toutes et tous, que vous soyez d\u00e9butant ou grimpeur confirm\u00e9La salle permet de pratiquer \u00e0 la fois du bloc et de la difficult\u00e9.L&rsquo;entr\u00e9e vous donne acc\u00e8s \u00e0 l\u2019ensemble des installations durant toute une journ\u00e9e.Les nombreux blocs sont balis\u00e9s d\u2019\u00e9tiquettes de couleurs selon leur niveau (jaune, vert, bleu, [&hellip;]<\/p>\n","protected":false},"author":1,"featured_media":0,"parent":23,"menu_order":20,"comment_status":"closed","ping_status":"closed","template":"","meta":{"footnotes":""},"class_list":["post-108","page","type-page","status-publish","hentry"],"_links":{"self":[{"href":"https:\/\/refugeverticalcafchalons.com\/index.php\/wp-json\/wp\/v2\/pages\/108","targetHints":{"allow":["GET"]}}],"collection":[{"href":"https:\/\/refugeverticalcafchalons.com\/index.php\/wp-json\/wp\/v2\/pages"}],"about":[{"href":"https:\/\/refugeverticalcafchalons.com\/index.php\/wp-json\/wp\/v2\/types\/page"}],"author":[{"embeddable":true,"href":"https:\/\/refugeverticalcafchalons.com\/index.php\/wp-json\/wp\/v2\/users\/1"}],"replies":[{"embeddable":true,"href":"https:\/\/refugeverticalcafchalons.com\/index.php\/wp-json\/wp\/v2\/comments?post=108"}],"version-history":[{"count":2,"href":"https:\/\/refugeverticalcafchalons.com\/index.php\/wp-json\/wp\/v2\/pages\/108\/revisions"}],"predecessor-version":[{"id":454,"href":"https:\/\/refugeverticalcafchalons.com\/index.php\/wp-json\/wp\/v2\/pages\/108\/revisions\/454"}],"up":[{"embeddable":true,"href":"https:\/\/refugeverticalcafchalons.com\/index.php\/wp-json\/wp\/v2\/pages\/23"}],"wp:attachment":[{"href":"https:\/\/refugeverticalcafchalons.com\/index.php\/wp-json\/wp\/v2\/media?parent=108"}],"curies":[{"name":"wp","href":"https:\/\/api.w.org\/{rel}","templated":true}]}}